{"id":555,"date":"2021-02-23T07:35:53","date_gmt":"2021-02-23T07:35:53","guid":{"rendered":"http:\/\/solarsafety.hu\/iranytastechnikai-rendszer\/"},"modified":"2021-03-02T09:32:33","modified_gmt":"2021-03-02T09:32:33","slug":"managementsystemen","status":"publish","type":"page","link":"https:\/\/solarsafety.hu\/de\/managementsystemen\/","title":{"rendered":"Managementsystemen"},"content":{"rendered":"<div id='av_section_1'  class='avia-section main_color avia-section-default avia-no-border-styling  avia-bg-style-scroll  avia-builder-el-0  el_before_av_section  avia-builder-el-first   av-small-hide av-mini-hide av-minimum-height av-minimum-height-custom  container_wrap fullsize' style='background-color: #000000;background-image: linear-gradient(to right,#000000,#e44a08); '  ><div class='container' style='height:320px'><main  role=\"main\" itemprop=\"mainContentOfPage\"  class='template-page content  av-content-full alpha units'><div class='post-entry post-entry-type-page post-entry-555'><div class='entry-content-wrapper clearfix'>\n<div class=\"flex_column av_one_full  flex_column_div av-zero-column-padding first  avia-builder-el-1  avia-builder-el-no-sibling  \" style='border-radius:0px; '><div  style='padding-bottom:10px; color:#ffffff;font-size:45px;' class='av-special-heading av-special-heading-h1 custom-color-heading blockquote modern-quote  avia-builder-el-2  avia-builder-el-no-sibling  av-thin-font av-inherit-size '><h1 class='av-special-heading-tag  av-small-font-size-overwrite av-small-font-size-30 av-mini-font-size-overwrite av-mini-font-size-30'  itemprop=\"headline\"  ><strong>Managementsystemen<\/strong><\/h1><div class='special-heading-border'><div class='special-heading-inner-border' style='border-color:#ffffff'><\/div><\/div><\/div><\/div><\/div><\/div><\/main><!-- close content main element --><\/div><\/div><div id='av_section_2'  class='avia-section main_color avia-section-default avia-no-border-styling  avia-bg-style-scroll  avia-builder-el-3  el_after_av_section  el_before_av_section   av-desktop-hide av-medium-hide av-minimum-height av-minimum-height-custom  container_wrap fullsize' style='background-color: #000000;background-image: linear-gradient(to right,#000000,#e44a08); '  ><div class='container' style='height:200px'><div class='template-page content  av-content-full alpha units'><div class='post-entry post-entry-type-page post-entry-555'><div class='entry-content-wrapper clearfix'>\n<div class=\"flex_column av_one_full  flex_column_div av-zero-column-padding first  avia-builder-el-4  avia-builder-el-no-sibling  \" style='border-radius:0px; '><div  style='padding-bottom:10px; color:#ffffff;font-size:45px;' class='av-special-heading av-special-heading-h1 custom-color-heading blockquote modern-quote  avia-builder-el-5  avia-builder-el-no-sibling  av-thin-font av-inherit-size '><h1 class='av-special-heading-tag  av-small-font-size-overwrite av-small-font-size-30 av-mini-font-size-overwrite av-mini-font-size-30'  itemprop=\"headline\"  ><strong>Managementsystemen<\/strong><\/h1><div class='special-heading-border'><div class='special-heading-inner-border' style='border-color:#ffffff'><\/div><\/div><\/div><\/div><\/div><\/div><\/div><!-- close content main div --><\/div><\/div><div id='av_section_3'  class='avia-section main_color avia-section-default avia-no-border-styling  avia-bg-style-scroll  avia-builder-el-6  el_after_av_section  avia-builder-el-last   container_wrap fullsize' style=' '  ><div class='container' ><div class='template-page content  av-content-full alpha units'><div class='post-entry post-entry-type-page post-entry-555'><div class='entry-content-wrapper clearfix'>\n<div class=\"flex_column av_one_full  flex_column_div av-zero-column-padding first  avia-builder-el-7  el_before_av_one_half  avia-builder-el-first  \" style='border-radius:0px; '><div  style='padding-bottom:10px; ' class='av-special-heading av-special-heading-h2  blockquote modern-quote modern-centered  avia-builder-el-8  avia-builder-el-no-sibling  '><h2 class='av-special-heading-tag  av-small-font-size-overwrite av-small-font-size-28 av-mini-font-size-overwrite av-mini-font-size-28'  itemprop=\"headline\"  >Zus\u00e4tzlich zum Erstellen und Betreiben von Managementsystemen k\u00f6nnen wir die folgenden Aufgaben ausf\u00fchren<\/h2><div class='special-heading-border'><div class='special-heading-inner-border' ><\/div><\/div><\/div><\/div><div class='flex_column_table av-equal-height-column-flextable -flextable' ><div class=\"flex_column av_one_half  flex_column_table_cell av-equal-height-column av-align-middle av-zero-column-padding first  avia-builder-el-9  el_after_av_one_full  el_before_av_one_half  column-top-margin\" style='border-radius:0px; '><div  class='avia-icon-list-container   avia-builder-el-10  avia-builder-el-no-sibling '><ul class='avia-icon-list avia-icon-list-left av-iconlist-small avia_animate_when_almost_visible avia-iconlist-animate'>\n<li><div  style='color:#ec4c08; font-size:18px; ' class='iconlist_icon  avia-font-entypo-fontello'><span class='iconlist-char ' aria-hidden='true' data-av_icon='\ue812' data-av_iconfont='entypo-fontello'><\/span><\/div><article class=\"article-icon-entry av-iconlist-empty\"  itemscope=\"itemscope\" itemtype=\"https:\/\/schema.org\/CreativeWork\" ><div class='iconlist_content_wrap'><header class=\"entry-content-header\"><div class='av_iconlist_title iconlist_title_small   '  itemprop=\"headline\"   style='font-size:18px; '>ISO 9001 Vorbereitung auf die Zertifizierung nach dem Qualit\u00e4tsmanagementsystem (MIR)<\/div><\/header><div class='iconlist_content  '  itemprop=\"text\"  ><\/div><\/div><footer class=\"entry-footer\"><\/footer><\/article><div class='iconlist-timeline'><\/div><\/li>\n<li><div  style='color:#ec4c08; font-size:18px; ' class='iconlist_icon  avia-font-entypo-fontello'><span class='iconlist-char ' aria-hidden='true' data-av_icon='\ue812' data-av_iconfont='entypo-fontello'><\/span><\/div><article class=\"article-icon-entry av-iconlist-empty\"  itemscope=\"itemscope\" itemtype=\"https:\/\/schema.org\/CreativeWork\" ><div class='iconlist_content_wrap'><header class=\"entry-content-header\"><div class='av_iconlist_title iconlist_title_small   '  itemprop=\"headline\"   style='font-size:18px; '>ISO 45001 (statt OHSAS 18001) Vorbereitung auf die Zertifizierung nach der Arbeits- und Gesundheitschutz- Managementsystem(MEBIR)<\/div><\/header><div class='iconlist_content  '  itemprop=\"text\"  ><\/div><\/div><footer class=\"entry-footer\"><\/footer><\/article><div class='iconlist-timeline'><\/div><\/li>\n<li><div  style='color:#ec4c08; font-size:18px; ' class='iconlist_icon  avia-font-entypo-fontello'><span class='iconlist-char ' aria-hidden='true' data-av_icon='\ue812' data-av_iconfont='entypo-fontello'><\/span><\/div><article class=\"article-icon-entry av-iconlist-empty\"  itemscope=\"itemscope\" itemtype=\"https:\/\/schema.org\/CreativeWork\" ><div class='iconlist_content_wrap'><header class=\"entry-content-header\"><div class='av_iconlist_title iconlist_title_small   '  itemprop=\"headline\"   style='font-size:18px; '>SCC\/VCA Zertifizierung des Sicherheitsmanagementsystems, Unternehmen haben im Rahmen ihrer Arbeit die Anforderungen des Systems an Arbeitssicherheit, Gesundheit und Umweltschutz erf\u00fcllt<\/div><\/header><div class='iconlist_content  '  itemprop=\"text\"  ><\/div><\/div><footer class=\"entry-footer\"><\/footer><\/article><div class='iconlist-timeline'><\/div><\/li>\n<li><div  style='color:#ec4c08; font-size:18px; ' class='iconlist_icon  avia-font-entypo-fontello'><span class='iconlist-char ' aria-hidden='true' data-av_icon='\ue812' data-av_iconfont='entypo-fontello'><\/span><\/div><article class=\"article-icon-entry av-iconlist-empty\"  itemscope=\"itemscope\" itemtype=\"https:\/\/schema.org\/CreativeWork\" ><div class='iconlist_content_wrap'><header class=\"entry-content-header\"><div class='av_iconlist_title iconlist_title_small   '  itemprop=\"headline\"   style='font-size:18px; '>\u00dcberpr\u00fcfung von vorhandenen Systemdokumenten und Handb\u00fcchern<\/div><\/header><div class='iconlist_content  '  itemprop=\"text\"  ><\/div><\/div><footer class=\"entry-footer\"><\/footer><\/article><div class='iconlist-timeline'><\/div><\/li>\n<li><div  style='color:#ec4c08; font-size:18px; ' class='iconlist_icon  avia-font-entypo-fontello'><span class='iconlist-char ' aria-hidden='true' data-av_icon='\ue812' data-av_iconfont='entypo-fontello'><\/span><\/div><article class=\"article-icon-entry av-iconlist-empty\"  itemscope=\"itemscope\" itemtype=\"https:\/\/schema.org\/CreativeWork\" ><div class='iconlist_content_wrap'><header class=\"entry-content-header\"><div class='av_iconlist_title iconlist_title_small   '  itemprop=\"headline\"   style='font-size:18px; '>Integration von bestehenden Managementsystemen<\/div><\/header><div class='iconlist_content  '  itemprop=\"text\"  ><\/div><\/div><footer class=\"entry-footer\"><\/footer><\/article><div class='iconlist-timeline'><\/div><\/li>\n<li><div  style='color:#ec4c08; font-size:18px; ' class='iconlist_icon  avia-font-entypo-fontello'><span class='iconlist-char ' aria-hidden='true' data-av_icon='\ue812' data-av_iconfont='entypo-fontello'><\/span><\/div><article class=\"article-icon-entry av-iconlist-empty\"  itemscope=\"itemscope\" itemtype=\"https:\/\/schema.org\/CreativeWork\" ><div class='iconlist_content_wrap'><header class=\"entry-content-header\"><div class='av_iconlist_title iconlist_title_small   '  itemprop=\"headline\"   style='font-size:18px; '>Aufbau eines Risikoanalyseprozesses, Identifizierung von Risiken<\/div><\/header><div class='iconlist_content  '  itemprop=\"text\"  ><\/div><\/div><footer class=\"entry-footer\"><\/footer><\/article><div class='iconlist-timeline'><\/div><\/li>\n<li><div  style='color:#ec4c08; font-size:18px; ' class='iconlist_icon  avia-font-entypo-fontello'><span class='iconlist-char ' aria-hidden='true' data-av_icon='\ue812' data-av_iconfont='entypo-fontello'><\/span><\/div><article class=\"article-icon-entry av-iconlist-empty\"  itemscope=\"itemscope\" itemtype=\"https:\/\/schema.org\/CreativeWork\" ><div class='iconlist_content_wrap'><header class=\"entry-content-header\"><div class='av_iconlist_title iconlist_title_small   '  itemprop=\"headline\"   style='font-size:18px; '>Vorbereitung und Implementierung von qualit\u00e4tsbezogenen Unterrichtsmaterialien<\/div><\/header><div class='iconlist_content  '  itemprop=\"text\"  ><\/div><\/div><footer class=\"entry-footer\"><\/footer><\/article><div class='iconlist-timeline'><\/div><\/li>\n<li><div  style='color:#ec4c08; font-size:18px; ' class='iconlist_icon  avia-font-entypo-fontello'><span class='iconlist-char ' aria-hidden='true' data-av_icon='\ue812' data-av_iconfont='entypo-fontello'><\/span><\/div><article class=\"article-icon-entry av-iconlist-empty\"  itemscope=\"itemscope\" itemtype=\"https:\/\/schema.org\/CreativeWork\" ><div class='iconlist_content_wrap'><header class=\"entry-content-header\"><div class='av_iconlist_title iconlist_title_small   '  itemprop=\"headline\"   style='font-size:18px; '>Wir helfen bei der Festlegung von j\u00e4hrlichen Qualit\u00e4tszielen<\/div><\/header><div class='iconlist_content  '  itemprop=\"text\"  ><\/div><\/div><footer class=\"entry-footer\"><\/footer><\/article><div class='iconlist-timeline'><\/div><\/li>\n<li><div  style='color:#ec4c08; font-size:18px; ' class='iconlist_icon  avia-font-entypo-fontello'><span class='iconlist-char ' aria-hidden='true' data-av_icon='\ue812' data-av_iconfont='entypo-fontello'><\/span><\/div><article class=\"article-icon-entry av-iconlist-empty\"  itemscope=\"itemscope\" itemtype=\"https:\/\/schema.org\/CreativeWork\" ><div class='iconlist_content_wrap'><header class=\"entry-content-header\"><div class='av_iconlist_title iconlist_title_small   '  itemprop=\"headline\"   style='font-size:18px; '>\u00dcberpr\u00fcfung von der Erf\u00fcllung der Qualit\u00e4tsziele<\/div><\/header><div class='iconlist_content  '  itemprop=\"text\"  ><\/div><\/div><footer class=\"entry-footer\"><\/footer><\/article><div class='iconlist-timeline'><\/div><\/li>\n<\/ul><\/div><\/div><div class='av-flex-placeholder'><\/div><div class=\"flex_column av_one_half  flex_column_table_cell av-equal-height-column av-align-middle av-zero-column-padding   avia-builder-el-11  el_after_av_one_half  avia-builder-el-last  column-top-margin\" style='border-radius:0px; '><div  class='avia-image-container  av-styling-no-styling av-hover-grow av-hide-overflow   avia-builder-el-12  avia-builder-el-no-sibling  avia-align-center '  itemprop=\"image\" itemscope=\"itemscope\" itemtype=\"https:\/\/schema.org\/ImageObject\"  ><div class='avia-image-container-inner'><div class='avia-image-overlay-wrap'><img decoding=\"async\" class='wp-image-654 avia-img-lazy-loading-not-654 avia_image' src=\"https:\/\/solarsafety.hu\/wp-content\/uploads\/2021\/03\/kornyezetvedelem-1-1-1-1.jpg\" alt='ir\u00e1ny\u00edt\u00e1stechnikai rendszer' title='' height=\"805\" width=\"589\"  itemprop=\"thumbnailUrl\" srcset=\"https:\/\/solarsafety.hu\/wp-content\/uploads\/2021\/03\/kornyezetvedelem-1-1-1-1.jpg 589w, https:\/\/solarsafety.hu\/wp-content\/uploads\/2021\/03\/kornyezetvedelem-1-1-1-1-220x300.jpg 220w, https:\/\/solarsafety.hu\/wp-content\/uploads\/2021\/03\/kornyezetvedelem-1-1-1-1-516x705.jpg 516w\" sizes=\"(max-width: 589px) 100vw, 589px\" \/><\/div><\/div><\/div><\/div><\/div><!--close column table wrapper. Autoclose: 1 -->\n<\/p>\n","protected":false},"excerpt":{"rendered":"","protected":false},"author":1,"featured_media":0,"parent":0,"menu_order":0,"comment_status":"closed","ping_status":"closed","template":"","meta":{"footnotes":""},"class_list":["post-555","page","type-page","status-publish","hentry"],"yoast_head":"<!-- This site is optimized with the Yoast SEO plugin v20.2.1 - https:\/\/yoast.com\/wordpress\/plugins\/seo\/ -->\n<title>Managementsystemen - Solar Safety HSE Kft.<\/title>\n<meta name=\"description\" content=\"Zus\u00e4tzlich zum Erstellen und Betreiben von Managementsystemen k\u00f6nnen wir die folgenden Aufgaben ausf\u00fchren\" \/>\n<meta name=\"robots\" content=\"index, follow, max-snippet:-1, max-image-preview:large, max-video-preview:-1\" \/>\n<link rel=\"canonical\" href=\"https:\/\/solarsafety.hu\/de\/managementsystemen\/\" \/>\n<meta property=\"og:locale\" content=\"de_DE\" \/>\n<meta property=\"og:type\" content=\"article\" \/>\n<meta property=\"og:title\" content=\"Ir\u00e1nyt\u00e1stechnikai rendszer\" \/>\n<meta property=\"og:description\" content=\"Zus\u00e4tzlich zum Erstellen und Betreiben von Managementsystemen k\u00f6nnen wir die folgenden Aufgaben ausf\u00fchren\" \/>\n<meta property=\"og:url\" content=\"https:\/\/solarsafety.hu\/de\/managementsystemen\/\" \/>\n<meta property=\"og:site_name\" content=\"Solar Safety HSE Kft.\" \/>\n<meta property=\"article:modified_time\" content=\"2021-03-02T09:32:33+00:00\" \/>\n<meta property=\"og:image\" content=\"https:\/\/solarsafety.hu\/wp-content\/uploads\/2021\/02\/facebook.jpg\" \/>\n\t<meta property=\"og:image:width\" content=\"1200\" \/>\n\t<meta property=\"og:image:height\" content=\"638\" \/>\n\t<meta property=\"og:image:type\" content=\"image\/jpeg\" \/>\n<meta name=\"twitter:card\" content=\"summary_large_image\" \/>\n<meta name=\"twitter:label1\" content=\"Gesch\u00e4tzte Lesezeit\" \/>\n\t<meta name=\"twitter:data1\" content=\"3\u00a0Minuten\" \/>\n<script type=\"application\/ld+json\" class=\"yoast-schema-graph\">{\"@context\":\"https:\/\/schema.org\",\"@graph\":[{\"@type\":\"WebPage\",\"@id\":\"https:\/\/solarsafety.hu\/de\/managementsystemen\/\",\"url\":\"https:\/\/solarsafety.hu\/de\/managementsystemen\/\",\"name\":\"Managementsystemen - Solar Safety HSE Kft.\",\"isPartOf\":{\"@id\":\"https:\/\/solarsafety.hu\/#website\"},\"datePublished\":\"2021-02-23T07:35:53+00:00\",\"dateModified\":\"2021-03-02T09:32:33+00:00\",\"description\":\"Zus\u00e4tzlich zum Erstellen und Betreiben von Managementsystemen k\u00f6nnen wir die folgenden Aufgaben ausf\u00fchren\",\"breadcrumb\":{\"@id\":\"https:\/\/solarsafety.hu\/de\/managementsystemen\/#breadcrumb\"},\"inLanguage\":\"de\",\"potentialAction\":[{\"@type\":\"ReadAction\",\"target\":[\"https:\/\/solarsafety.hu\/de\/managementsystemen\/\"]}]},{\"@type\":\"BreadcrumbList\",\"@id\":\"https:\/\/solarsafety.hu\/de\/managementsystemen\/#breadcrumb\",\"itemListElement\":[{\"@type\":\"ListItem\",\"position\":1,\"name\":\"Kezd\u0151lap\",\"item\":\"https:\/\/solarsafety.hu\/de\/\"},{\"@type\":\"ListItem\",\"position\":2,\"name\":\"Managementsystemen\"}]},{\"@type\":\"WebSite\",\"@id\":\"https:\/\/solarsafety.hu\/#website\",\"url\":\"https:\/\/solarsafety.hu\/\",\"name\":\"Solar Safety HSE Kft.\",\"description\":\"Legyen a k\u00f6z\u00f6s j\u00f6v\u0151nk a biztons\u00e1g.\",\"potentialAction\":[{\"@type\":\"SearchAction\",\"target\":{\"@type\":\"EntryPoint\",\"urlTemplate\":\"https:\/\/solarsafety.hu\/?s={search_term_string}\"},\"query-input\":\"required name=search_term_string\"}],\"inLanguage\":\"de\"}]}<\/script>\n<!-- \/ Yoast SEO plugin. -->","yoast_head_json":{"title":"Managementsystemen - Solar Safety HSE Kft.","description":"Zus\u00e4tzlich zum Erstellen und Betreiben von Managementsystemen k\u00f6nnen wir die folgenden Aufgaben ausf\u00fchren","robots":{"index":"index","follow":"follow","max-snippet":"max-snippet:-1","max-image-preview":"max-image-preview:large","max-video-preview":"max-video-preview:-1"},"canonical":"https:\/\/solarsafety.hu\/de\/managementsystemen\/","og_locale":"de_DE","og_type":"article","og_title":"Ir\u00e1nyt\u00e1stechnikai rendszer","og_description":"Zus\u00e4tzlich zum Erstellen und Betreiben von Managementsystemen k\u00f6nnen wir die folgenden Aufgaben ausf\u00fchren","og_url":"https:\/\/solarsafety.hu\/de\/managementsystemen\/","og_site_name":"Solar Safety HSE Kft.","article_modified_time":"2021-03-02T09:32:33+00:00","og_image":[{"width":1200,"height":638,"url":"https:\/\/solarsafety.hu\/wp-content\/uploads\/2021\/02\/facebook.jpg","type":"image\/jpeg"}],"twitter_card":"summary_large_image","twitter_misc":{"Gesch\u00e4tzte Lesezeit":"3\u00a0Minuten"},"schema":{"@context":"https:\/\/schema.org","@graph":[{"@type":"WebPage","@id":"https:\/\/solarsafety.hu\/de\/managementsystemen\/","url":"https:\/\/solarsafety.hu\/de\/managementsystemen\/","name":"Managementsystemen - Solar Safety HSE Kft.","isPartOf":{"@id":"https:\/\/solarsafety.hu\/#website"},"datePublished":"2021-02-23T07:35:53+00:00","dateModified":"2021-03-02T09:32:33+00:00","description":"Zus\u00e4tzlich zum Erstellen und Betreiben von Managementsystemen k\u00f6nnen wir die folgenden Aufgaben ausf\u00fchren","breadcrumb":{"@id":"https:\/\/solarsafety.hu\/de\/managementsystemen\/#breadcrumb"},"inLanguage":"de","potentialAction":[{"@type":"ReadAction","target":["https:\/\/solarsafety.hu\/de\/managementsystemen\/"]}]},{"@type":"BreadcrumbList","@id":"https:\/\/solarsafety.hu\/de\/managementsystemen\/#breadcrumb","itemListElement":[{"@type":"ListItem","position":1,"name":"Kezd\u0151lap","item":"https:\/\/solarsafety.hu\/de\/"},{"@type":"ListItem","position":2,"name":"Managementsystemen"}]},{"@type":"WebSite","@id":"https:\/\/solarsafety.hu\/#website","url":"https:\/\/solarsafety.hu\/","name":"Solar Safety HSE Kft.","description":"Legyen a k\u00f6z\u00f6s j\u00f6v\u0151nk a biztons\u00e1g.","potentialAction":[{"@type":"SearchAction","target":{"@type":"EntryPoint","urlTemplate":"https:\/\/solarsafety.hu\/?s={search_term_string}"},"query-input":"required name=search_term_string"}],"inLanguage":"de"}]}},"_links":{"self":[{"href":"https:\/\/solarsafety.hu\/de\/wp-json\/wp\/v2\/pages\/555","targetHints":{"allow":["GET"]}}],"collection":[{"href":"https:\/\/solarsafety.hu\/de\/wp-json\/wp\/v2\/pages"}],"about":[{"href":"https:\/\/solarsafety.hu\/de\/wp-json\/wp\/v2\/types\/page"}],"author":[{"embeddable":true,"href":"https:\/\/solarsafety.hu\/de\/wp-json\/wp\/v2\/users\/1"}],"replies":[{"embeddable":true,"href":"https:\/\/solarsafety.hu\/de\/wp-json\/wp\/v2\/comments?post=555"}],"version-history":[{"count":7,"href":"https:\/\/solarsafety.hu\/de\/wp-json\/wp\/v2\/pages\/555\/revisions"}],"predecessor-version":[{"id":657,"href":"https:\/\/solarsafety.hu\/de\/wp-json\/wp\/v2\/pages\/555\/revisions\/657"}],"wp:attachment":[{"href":"https:\/\/solarsafety.hu\/de\/wp-json\/wp\/v2\/media?parent=555"}],"curies":[{"name":"wp","href":"https:\/\/api.w.org\/{rel}","templated":true}]}}