{"id":569,"date":"2021-02-23T07:36:16","date_gmt":"2021-02-23T07:36:16","guid":{"rendered":"http:\/\/solarsafety.hu\/loto\/"},"modified":"2021-03-02T09:36:00","modified_gmt":"2021-03-02T09:36:00","slug":"loto","status":"publish","type":"page","link":"https:\/\/solarsafety.hu\/de\/loto\/","title":{"rendered":"LOTO"},"content":{"rendered":"<div id='av_section_1'  class='avia-section main_color avia-section-default avia-no-border-styling  avia-bg-style-scroll  avia-builder-el-0  el_before_av_section  avia-builder-el-first   av-small-hide av-mini-hide av-minimum-height av-minimum-height-custom  container_wrap fullsize' style='background-color: #000000;background-image: linear-gradient(to right,#000000,#e44a08); '  ><div class='container' style='height:320px'><main  role=\"main\" itemprop=\"mainContentOfPage\"  class='template-page content  av-content-full alpha units'><div class='post-entry post-entry-type-page post-entry-569'><div class='entry-content-wrapper clearfix'>\n<div class=\"flex_column av_one_full  flex_column_div av-zero-column-padding first  avia-builder-el-1  avia-builder-el-no-sibling  \" style='border-radius:0px; '><div  style='padding-bottom:10px; color:#ffffff;font-size:45px;' class='av-special-heading av-special-heading-h1 custom-color-heading blockquote modern-quote  avia-builder-el-2  avia-builder-el-no-sibling  av-thin-font av-inherit-size '><h1 class='av-special-heading-tag  av-small-font-size-overwrite av-small-font-size-30 av-mini-font-size-overwrite av-mini-font-size-30'  itemprop=\"headline\"  ><strong>LOTO \u2013 Lock out\/ Tag out &#8211; Ausschluss, Tabellierung<\/strong><\/h1><div class='special-heading-border'><div class='special-heading-inner-border' style='border-color:#ffffff'><\/div><\/div><\/div><\/div>\n\n<\/div><\/div><\/main><!-- close content main element --><\/div><\/div><div id='av_section_2'  class='avia-section main_color avia-section-default avia-no-border-styling  avia-bg-style-scroll  avia-builder-el-3  el_after_av_section  el_before_av_section   av-desktop-hide av-medium-hide av-minimum-height av-minimum-height-custom  container_wrap fullsize' style='background-color: #000000;background-image: linear-gradient(to right,#000000,#e44a08); '  ><div class='container' style='height:200px'><div class='template-page content  av-content-full alpha units'><div class='post-entry post-entry-type-page post-entry-569'><div class='entry-content-wrapper clearfix'>\n<div class=\"flex_column av_one_full  flex_column_div av-zero-column-padding first  avia-builder-el-4  avia-builder-el-no-sibling  \" style='border-radius:0px; '><div  style='padding-bottom:10px; color:#ffffff;font-size:45px;' class='av-special-heading av-special-heading-h1 custom-color-heading blockquote modern-quote  avia-builder-el-5  avia-builder-el-no-sibling  av-thin-font av-inherit-size '><h1 class='av-special-heading-tag  av-small-font-size-overwrite av-small-font-size-30 av-mini-font-size-overwrite av-mini-font-size-30'  itemprop=\"headline\"  ><strong>LOTO \u2013 Lock out\/ Tag out &#8211; Ausschluss, Tabellierung<\/strong><\/h1><div class='special-heading-border'><div class='special-heading-inner-border' style='border-color:#ffffff'><\/div><\/div><\/div><\/div>\n\n<\/div><\/div><\/div><!-- close content main div --><\/div><\/div><div id='av_section_3'  class='avia-section main_color avia-section-default avia-no-border-styling  avia-bg-style-scroll  avia-builder-el-6  el_after_av_section  avia-builder-el-last   container_wrap fullsize' style=' '  ><div class='container' ><div class='template-page content  av-content-full alpha units'><div class='post-entry post-entry-type-page post-entry-569'><div class='entry-content-wrapper clearfix'>\n<div class=\"flex_column av_one_full  flex_column_div av-zero-column-padding first  avia-builder-el-7  el_before_av_one_half  avia-builder-el-first  \" style='border-radius:0px; '><p><div  style='padding-bottom:10px; color:#ec4c08;font-size:45px;' class='av-special-heading av-special-heading-h2 custom-color-heading blockquote modern-quote modern-centered  avia-builder-el-8  el_before_av_textblock  avia-builder-el-first  av-inherit-size '><h2 class='av-special-heading-tag  av-small-font-size-overwrite av-small-font-size-30 av-mini-font-size-overwrite av-mini-font-size-30'  itemprop=\"headline\"  >LOTOTO \u2013Lock out\/Tag out\/ Try out &#8211; Ausschluss, Tabellierung, Ausprobieren<\/h2><div class='special-heading-border'><div class='special-heading-inner-border' style='border-color:#ec4c08'><\/div><\/div><\/div><br \/>\n<section class=\"av_textblock_section \"  itemscope=\"itemscope\" itemtype=\"https:\/\/schema.org\/CreativeWork\" ><div class='avia_textblock  '   itemprop=\"text\" ><p style=\"text-align: center;\">Verschiedene Energiequellen (elektrisch, mechanisch, hydraulisch usw.) in Maschinen und Instrumenten k\u00f6nnen eine Gefahr f\u00fcr die Arbeitnehmer bedeuten. Ein unerwarteter Neustart w\u00e4hrend der Wartung, Reparatur oder Freisetzung von gespeicherter Energie kann zu schweren Verletzungen oder sogar zum Tod der Person f\u00fchren, die die Arbeit ausf\u00fchrt. Das LOTO-System ist ein branchenweites Sicherheitsverfahren, um sicherzustellen, dass gef\u00e4hrliche Maschinen sicher heruntergefahren werden und nicht neu gestartet werden k\u00f6nnen, bevor Wartung, Einstellung und Reparaturarbeiten abgeschlossen sind. Dies wird physikalisch verhindert, indem die Armaturen mechanisch ausgeschlossen werden.<\/p>\n<\/div><\/section><\/p><\/div><div class='flex_column_table av-equal-height-column-flextable -flextable' ><div class=\"flex_column av_one_half  flex_column_table_cell av-equal-height-column av-align-middle av-zero-column-padding first  avia-builder-el-10  el_after_av_one_full  el_before_av_one_half  column-top-margin\" style='border-radius:0px; '><p><div  style='padding-bottom:10px; ' class='av-special-heading av-special-heading-h3  blockquote modern-quote  avia-builder-el-11  el_before_av_textblock  avia-builder-el-first  '><h3 class='av-special-heading-tag  av-small-font-size-overwrite av-small-font-size-24 av-mini-font-size-overwrite av-mini-font-size-24'  itemprop=\"headline\"  >Das Verfahren:<\/h3><div class='special-heading-border'><div class='special-heading-inner-border' ><\/div><\/div><\/div><br \/>\n<section class=\"av_textblock_section \"  itemscope=\"itemscope\" itemtype=\"https:\/\/schema.org\/CreativeWork\" ><div class='avia_textblock  '   itemprop=\"text\" ><ol>\n<li>\u00a0Ank\u00fcndigung der Schlie\u00dfung<\/li>\n<li>\u00a0Identifizierung von Energiequellen<\/li>\n<li>\u00a0Izolierung von Energiequellen<\/li>\n<li>\u00a0Ausschluss, Tabellierung von Energiequellen<\/li>\n<li>\u00a0Sicherstellen, dass die Isolierung der Arbeitsmittel wirksam ist<\/li>\n<\/ol>\n<\/div><\/section><br \/>\n<div  style=' margin-top:30px; margin-bottom:30px;'  class='hr hr-custom hr-center hr-icon-no   avia-builder-el-13  el_after_av_textblock  el_before_av_heading '><span class='hr-inner  inner-border-av-border-thin' style=' width:full; border-color:#000000;' ><span class='hr-inner-style'><\/span><\/span><\/div><br \/>\n<div  style='padding-bottom:10px; ' class='av-special-heading av-special-heading-h3  blockquote modern-quote  avia-builder-el-14  el_after_av_hr  el_before_av_iconlist  '><h3 class='av-special-heading-tag  av-small-font-size-overwrite av-small-font-size-24 av-mini-font-size-overwrite av-mini-font-size-24'  itemprop=\"headline\"  >Unsere Dienstleistungen:<\/h3><div class='special-heading-border'><div class='special-heading-inner-border' ><\/div><\/div><\/div><br \/>\n<div  class='avia-icon-list-container   avia-builder-el-15  el_after_av_heading  avia-builder-el-last '><ul class='avia-icon-list avia-icon-list-left av-iconlist-small avia_animate_when_almost_visible avia-iconlist-animate'>\n<li><div  style='color:#ec4c08; font-size:18px; ' class='iconlist_icon  avia-font-entypo-fontello'><span class='iconlist-char ' aria-hidden='true' data-av_icon='\ue812' data-av_iconfont='entypo-fontello'><\/span><\/div><article class=\"article-icon-entry av-iconlist-empty\"  itemscope=\"itemscope\" itemtype=\"https:\/\/schema.org\/CreativeWork\" ><div class='iconlist_content_wrap'><header class=\"entry-content-header\"><div class='av_iconlist_title iconlist_title_small   '  itemprop=\"headline\"   style='font-size:18px; '>Einigung \u00fcber die Prinzipien des LOTO-Systems, Planung des Systems<\/div><\/header><div class='iconlist_content  '  itemprop=\"text\"  ><\/div><\/div><footer class=\"entry-footer\"><\/footer><\/article><div class='iconlist-timeline'><\/div><\/li>\n<li><div  style='color:#ec4c08; font-size:18px; ' class='iconlist_icon  avia-font-entypo-fontello'><span class='iconlist-char ' aria-hidden='true' data-av_icon='\ue812' data-av_iconfont='entypo-fontello'><\/span><\/div><article class=\"article-icon-entry av-iconlist-empty\"  itemscope=\"itemscope\" itemtype=\"https:\/\/schema.org\/CreativeWork\" ><div class='iconlist_content_wrap'><header class=\"entry-content-header\"><div class='av_iconlist_title iconlist_title_small   '  itemprop=\"headline\"   style='font-size:18px; '>Ausbau des LOTO-Systems<\/div><\/header><div class='iconlist_content  '  itemprop=\"text\"  ><\/div><\/div><footer class=\"entry-footer\"><\/footer><\/article><div class='iconlist-timeline'><\/div><\/li>\n<li><div  style='color:#ec4c08; font-size:18px; ' class='iconlist_icon  avia-font-entypo-fontello'><span class='iconlist-char ' aria-hidden='true' data-av_icon='\ue812' data-av_iconfont='entypo-fontello'><\/span><\/div><article class=\"article-icon-entry av-iconlist-empty\"  itemscope=\"itemscope\" itemtype=\"https:\/\/schema.org\/CreativeWork\" ><div class='iconlist_content_wrap'><header class=\"entry-content-header\"><div class='av_iconlist_title iconlist_title_small   '  itemprop=\"headline\"   style='font-size:18px; '>Entwicklung von LOTO-Verfahren und eines vereinfachten LOTO-Systems<\/div><\/header><div class='iconlist_content  '  itemprop=\"text\"  ><\/div><\/div><footer class=\"entry-footer\"><\/footer><\/article><div class='iconlist-timeline'><\/div><\/li>\n<li><div  style='color:#ec4c08; font-size:18px; ' class='iconlist_icon  avia-font-entypo-fontello'><span class='iconlist-char ' aria-hidden='true' data-av_icon='\ue812' data-av_iconfont='entypo-fontello'><\/span><\/div><article class=\"article-icon-entry av-iconlist-empty\"  itemscope=\"itemscope\" itemtype=\"https:\/\/schema.org\/CreativeWork\" ><div class='iconlist_content_wrap'><header class=\"entry-content-header\"><div class='av_iconlist_title iconlist_title_small   '  itemprop=\"headline\"   style='font-size:18px; '>Vorbereitung der LOTO-Vorschriften<\/div><\/header><div class='iconlist_content  '  itemprop=\"text\"  ><\/div><\/div><footer class=\"entry-footer\"><\/footer><\/article><div class='iconlist-timeline'><\/div><\/li>\n<\/ul><\/div><\/p><\/div><div class='av-flex-placeholder'><\/div><div class=\"flex_column av_one_half  flex_column_table_cell av-equal-height-column av-align-middle av-zero-column-padding   avia-builder-el-16  el_after_av_one_half  avia-builder-el-last  column-top-margin\" style='border-radius:0px; '><div  class='avia-image-container  av-styling-    avia-builder-el-17  avia-builder-el-no-sibling  avia-align-center '  itemprop=\"image\" itemscope=\"itemscope\" itemtype=\"https:\/\/schema.org\/ImageObject\"  ><div class='avia-image-container-inner'><div class='avia-image-overlay-wrap'><img decoding=\"async\" class='wp-image-664 avia-img-lazy-loading-not-664 avia_image' src=\"https:\/\/solarsafety.hu\/wp-content\/uploads\/2021\/03\/kornyezetvedelem-1-1-1-3.jpg\" alt='loto' title='' height=\"805\" width=\"589\"  itemprop=\"thumbnailUrl\" srcset=\"https:\/\/solarsafety.hu\/wp-content\/uploads\/2021\/03\/kornyezetvedelem-1-1-1-3.jpg 589w, https:\/\/solarsafety.hu\/wp-content\/uploads\/2021\/03\/kornyezetvedelem-1-1-1-3-220x300.jpg 220w, https:\/\/solarsafety.hu\/wp-content\/uploads\/2021\/03\/kornyezetvedelem-1-1-1-3-516x705.jpg 516w\" sizes=\"(max-width: 589px) 100vw, 589px\" \/><\/div><\/div><\/div><\/div><\/div><!--close column table wrapper. Autoclose: 1 -->\n","protected":false},"excerpt":{"rendered":"","protected":false},"author":1,"featured_media":0,"parent":0,"menu_order":0,"comment_status":"closed","ping_status":"closed","template":"","meta":{"footnotes":""},"class_list":["post-569","page","type-page","status-publish","hentry"],"yoast_head":"<!-- This site is optimized with the Yoast SEO plugin v20.2.1 - https:\/\/yoast.com\/wordpress\/plugins\/seo\/ -->\n<title>LOTO - Solar Safety HSE Kft.<\/title>\n<meta name=\"description\" content=\"Verschiedene Energiequellen (elektrisch, hydraulisch usw.) in Maschinen und Instrumenten k\u00f6nnen eine Gefahr f\u00fcr die Arbeitnehmer bedeuten.\" \/>\n<meta name=\"robots\" content=\"index, follow, max-snippet:-1, max-image-preview:large, max-video-preview:-1\" \/>\n<link rel=\"canonical\" href=\"https:\/\/solarsafety.hu\/de\/loto\/\" \/>\n<meta property=\"og:locale\" content=\"de_DE\" \/>\n<meta property=\"og:type\" content=\"article\" \/>\n<meta property=\"og:title\" content=\"LOTO\" \/>\n<meta property=\"og:description\" content=\"Verschiedene Energiequellen (elektrisch, hydraulisch usw.) in Maschinen und Instrumenten k\u00f6nnen eine Gefahr f\u00fcr die Arbeitnehmer bedeuten.\" \/>\n<meta property=\"og:url\" content=\"https:\/\/solarsafety.hu\/de\/loto\/\" \/>\n<meta property=\"og:site_name\" content=\"Solar Safety HSE Kft.\" \/>\n<meta property=\"article:modified_time\" content=\"2021-03-02T09:36:00+00:00\" \/>\n<meta property=\"og:image\" content=\"https:\/\/solarsafety.hu\/wp-content\/uploads\/2021\/02\/facebook.jpg\" \/>\n\t<meta property=\"og:image:width\" content=\"1200\" \/>\n\t<meta property=\"og:image:height\" content=\"638\" \/>\n\t<meta property=\"og:image:type\" content=\"image\/jpeg\" \/>\n<meta name=\"twitter:card\" content=\"summary_large_image\" \/>\n<script type=\"application\/ld+json\" class=\"yoast-schema-graph\">{\"@context\":\"https:\/\/schema.org\",\"@graph\":[{\"@type\":\"WebPage\",\"@id\":\"https:\/\/solarsafety.hu\/de\/loto\/\",\"url\":\"https:\/\/solarsafety.hu\/de\/loto\/\",\"name\":\"LOTO - Solar Safety HSE Kft.\",\"isPartOf\":{\"@id\":\"https:\/\/solarsafety.hu\/#website\"},\"datePublished\":\"2021-02-23T07:36:16+00:00\",\"dateModified\":\"2021-03-02T09:36:00+00:00\",\"description\":\"Verschiedene Energiequellen (elektrisch, hydraulisch usw.) in Maschinen und Instrumenten k\u00f6nnen eine Gefahr f\u00fcr die Arbeitnehmer bedeuten.\",\"breadcrumb\":{\"@id\":\"https:\/\/solarsafety.hu\/de\/loto\/#breadcrumb\"},\"inLanguage\":\"de\",\"potentialAction\":[{\"@type\":\"ReadAction\",\"target\":[\"https:\/\/solarsafety.hu\/de\/loto\/\"]}]},{\"@type\":\"BreadcrumbList\",\"@id\":\"https:\/\/solarsafety.hu\/de\/loto\/#breadcrumb\",\"itemListElement\":[{\"@type\":\"ListItem\",\"position\":1,\"name\":\"Kezd\u0151lap\",\"item\":\"https:\/\/solarsafety.hu\/de\/\"},{\"@type\":\"ListItem\",\"position\":2,\"name\":\"LOTO\"}]},{\"@type\":\"WebSite\",\"@id\":\"https:\/\/solarsafety.hu\/#website\",\"url\":\"https:\/\/solarsafety.hu\/\",\"name\":\"Solar Safety HSE Kft.\",\"description\":\"Legyen a k\u00f6z\u00f6s j\u00f6v\u0151nk a biztons\u00e1g.\",\"potentialAction\":[{\"@type\":\"SearchAction\",\"target\":{\"@type\":\"EntryPoint\",\"urlTemplate\":\"https:\/\/solarsafety.hu\/?s={search_term_string}\"},\"query-input\":\"required name=search_term_string\"}],\"inLanguage\":\"de\"}]}<\/script>\n<!-- \/ Yoast SEO plugin. -->","yoast_head_json":{"title":"LOTO - Solar Safety HSE Kft.","description":"Verschiedene Energiequellen (elektrisch, hydraulisch usw.) in Maschinen und Instrumenten k\u00f6nnen eine Gefahr f\u00fcr die Arbeitnehmer bedeuten.","robots":{"index":"index","follow":"follow","max-snippet":"max-snippet:-1","max-image-preview":"max-image-preview:large","max-video-preview":"max-video-preview:-1"},"canonical":"https:\/\/solarsafety.hu\/de\/loto\/","og_locale":"de_DE","og_type":"article","og_title":"LOTO","og_description":"Verschiedene Energiequellen (elektrisch, hydraulisch usw.) in Maschinen und Instrumenten k\u00f6nnen eine Gefahr f\u00fcr die Arbeitnehmer bedeuten.","og_url":"https:\/\/solarsafety.hu\/de\/loto\/","og_site_name":"Solar Safety HSE Kft.","article_modified_time":"2021-03-02T09:36:00+00:00","og_image":[{"width":1200,"height":638,"url":"https:\/\/solarsafety.hu\/wp-content\/uploads\/2021\/02\/facebook.jpg","type":"image\/jpeg"}],"twitter_card":"summary_large_image","schema":{"@context":"https:\/\/schema.org","@graph":[{"@type":"WebPage","@id":"https:\/\/solarsafety.hu\/de\/loto\/","url":"https:\/\/solarsafety.hu\/de\/loto\/","name":"LOTO - Solar Safety HSE Kft.","isPartOf":{"@id":"https:\/\/solarsafety.hu\/#website"},"datePublished":"2021-02-23T07:36:16+00:00","dateModified":"2021-03-02T09:36:00+00:00","description":"Verschiedene Energiequellen (elektrisch, hydraulisch usw.) in Maschinen und Instrumenten k\u00f6nnen eine Gefahr f\u00fcr die Arbeitnehmer bedeuten.","breadcrumb":{"@id":"https:\/\/solarsafety.hu\/de\/loto\/#breadcrumb"},"inLanguage":"de","potentialAction":[{"@type":"ReadAction","target":["https:\/\/solarsafety.hu\/de\/loto\/"]}]},{"@type":"BreadcrumbList","@id":"https:\/\/solarsafety.hu\/de\/loto\/#breadcrumb","itemListElement":[{"@type":"ListItem","position":1,"name":"Kezd\u0151lap","item":"https:\/\/solarsafety.hu\/de\/"},{"@type":"ListItem","position":2,"name":"LOTO"}]},{"@type":"WebSite","@id":"https:\/\/solarsafety.hu\/#website","url":"https:\/\/solarsafety.hu\/","name":"Solar Safety HSE Kft.","description":"Legyen a k\u00f6z\u00f6s j\u00f6v\u0151nk a biztons\u00e1g.","potentialAction":[{"@type":"SearchAction","target":{"@type":"EntryPoint","urlTemplate":"https:\/\/solarsafety.hu\/?s={search_term_string}"},"query-input":"required name=search_term_string"}],"inLanguage":"de"}]}},"_links":{"self":[{"href":"https:\/\/solarsafety.hu\/de\/wp-json\/wp\/v2\/pages\/569","targetHints":{"allow":["GET"]}}],"collection":[{"href":"https:\/\/solarsafety.hu\/de\/wp-json\/wp\/v2\/pages"}],"about":[{"href":"https:\/\/solarsafety.hu\/de\/wp-json\/wp\/v2\/types\/page"}],"author":[{"embeddable":true,"href":"https:\/\/solarsafety.hu\/de\/wp-json\/wp\/v2\/users\/1"}],"replies":[{"embeddable":true,"href":"https:\/\/solarsafety.hu\/de\/wp-json\/wp\/v2\/comments?post=569"}],"version-history":[{"count":5,"href":"https:\/\/solarsafety.hu\/de\/wp-json\/wp\/v2\/pages\/569\/revisions"}],"predecessor-version":[{"id":667,"href":"https:\/\/solarsafety.hu\/de\/wp-json\/wp\/v2\/pages\/569\/revisions\/667"}],"wp:attachment":[{"href":"https:\/\/solarsafety.hu\/de\/wp-json\/wp\/v2\/media?parent=569"}],"curies":[{"name":"wp","href":"https:\/\/api.w.org\/{rel}","templated":true}]}}