{"id":598,"date":"2021-02-23T07:35:27","date_gmt":"2021-02-23T07:35:27","guid":{"rendered":"http:\/\/solarsafety.hu\/kornyezetvedelem\/"},"modified":"2021-03-01T07:35:36","modified_gmt":"2021-03-01T07:35:36","slug":"umweltschutz","status":"publish","type":"page","link":"https:\/\/solarsafety.hu\/de\/umweltschutz\/","title":{"rendered":"Umweltschutz"},"content":{"rendered":"<div id='av_section_1'  class='avia-section main_color avia-section-default avia-no-border-styling  avia-bg-style-scroll  avia-builder-el-0  el_before_av_section  avia-builder-el-first   av-small-hide av-mini-hide av-minimum-height av-minimum-height-custom  container_wrap fullsize' style='background-color: #000000;background-image: linear-gradient(to right,#000000,#e44a08); '  ><div class='container' style='height:320px'><main  role=\"main\" itemprop=\"mainContentOfPage\"  class='template-page content  av-content-full alpha units'><div class='post-entry post-entry-type-page post-entry-598'><div class='entry-content-wrapper clearfix'>\n<div class=\"flex_column av_one_full  flex_column_div av-zero-column-padding first  avia-builder-el-1  avia-builder-el-no-sibling  \" style='border-radius:0px; '><div  style='padding-bottom:10px; color:#ffffff;font-size:45px;' class='av-special-heading av-special-heading-h1 custom-color-heading blockquote modern-quote  avia-builder-el-2  avia-builder-el-no-sibling  av-thin-font av-inherit-size '><h1 class='av-special-heading-tag  av-small-font-size-overwrite av-small-font-size-30 av-mini-font-size-overwrite av-mini-font-size-30'  itemprop=\"headline\"  ><strong>K\u00f6rnyezetv\u00e9delem<\/strong><\/h1><div class='special-heading-border'><div class='special-heading-inner-border' style='border-color:#ffffff'><\/div><\/div><\/div><\/div>\n\n<\/div><\/div><\/main><!-- close content main element --><\/div><\/div><div id='av_section_2'  class='avia-section main_color avia-section-default avia-no-border-styling  avia-bg-style-scroll  avia-builder-el-3  el_after_av_section  el_before_av_section   av-desktop-hide av-medium-hide av-minimum-height av-minimum-height-custom  container_wrap fullsize' style='background-color: #000000;background-image: linear-gradient(to right,#000000,#e44a08); '  ><div class='container' style='height:200px'><div class='template-page content  av-content-full alpha units'><div class='post-entry post-entry-type-page post-entry-598'><div class='entry-content-wrapper clearfix'>\n<div class=\"flex_column av_one_full  flex_column_div av-zero-column-padding first  avia-builder-el-4  avia-builder-el-no-sibling  \" style='border-radius:0px; '><div  style='padding-bottom:10px; color:#ffffff;font-size:45px;' class='av-special-heading av-special-heading-h1 custom-color-heading blockquote modern-quote  avia-builder-el-5  avia-builder-el-no-sibling  av-thin-font av-inherit-size '><h1 class='av-special-heading-tag  av-small-font-size-overwrite av-small-font-size-30 av-mini-font-size-overwrite av-mini-font-size-30'  itemprop=\"headline\"  ><strong>K\u00f6rnyezetv\u00e9delem<\/strong><\/h1><div class='special-heading-border'><div class='special-heading-inner-border' style='border-color:#ffffff'><\/div><\/div><\/div><\/div>\n\n<\/div><\/div><\/div><!-- close content main div --><\/div><\/div><div id='av_section_3'  class='avia-section main_color avia-section-default avia-no-border-styling  avia-bg-style-scroll  avia-builder-el-6  el_after_av_section  avia-builder-el-last   container_wrap fullsize' style=' '  ><div class='container' ><div class='template-page content  av-content-full alpha units'><div class='post-entry post-entry-type-page post-entry-598'><div class='entry-content-wrapper clearfix'>\n<div class=\"flex_column av_one_full  flex_column_div av-zero-column-padding first  avia-builder-el-7  el_before_av_one_half  avia-builder-el-first  \" style='border-radius:0px; '><div  style='padding-bottom:10px; ' class='av-special-heading av-special-heading-h2  blockquote modern-quote modern-centered  avia-builder-el-8  avia-builder-el-no-sibling  '><h2 class='av-special-heading-tag  av-small-font-size-overwrite av-small-font-size-28 av-mini-font-size-overwrite av-mini-font-size-28'  itemprop=\"headline\"  >Neben einer umfassenden Palette von Umweltschutzdiensten k\u00f6nnen wir die folgenden Umweltschutzaufgaben ausf\u00fchren<\/h2><div class='special-heading-border'><div class='special-heading-inner-border' ><\/div><\/div><\/div><\/div><div class='flex_column_table av-equal-height-column-flextable -flextable' ><div class=\"flex_column av_one_half  flex_column_table_cell av-equal-height-column av-align-middle av-zero-column-padding first  avia-builder-el-9  el_after_av_one_full  el_before_av_one_half  column-top-margin\" style='border-radius:0px; '><p><div  style='padding-bottom:10px; color:#000000;' class='av-special-heading av-special-heading-h4 custom-color-heading blockquote modern-quote  avia-builder-el-10  el_before_av_iconlist  avia-builder-el-first  '><h4 class='av-special-heading-tag '  itemprop=\"headline\"  >Umweltschutzberatung, Sachverstand<\/h4><div class='special-heading-border'><div class='special-heading-inner-border' style='border-color:#000000'><\/div><\/div><\/div><br \/>\n<div  class='avia-icon-list-container   avia-builder-el-11  el_after_av_heading  avia-builder-el-last '><ul class='avia-icon-list avia-icon-list-left av-iconlist-small avia_animate_when_almost_visible avia-iconlist-animate'>\n<li><div  style='color:#ec4c08; font-size:18px; ' class='iconlist_icon  avia-font-entypo-fontello'><span class='iconlist-char ' aria-hidden='true' data-av_icon='\ue812' data-av_iconfont='entypo-fontello'><\/span><\/div><article class=\"article-icon-entry av-iconlist-empty\"  itemscope=\"itemscope\" itemtype=\"https:\/\/schema.org\/CreativeWork\" ><div class='iconlist_content_wrap'><header class=\"entry-content-header\"><div class='av_iconlist_title iconlist_title_small   '  itemprop=\"headline\"   style='font-size:18px; '>Erhalt einer Standortgenehmigung oder Benachrichtigung eines Standorts nach der Regierungsverordnung von 57\/2013. (II.27.)<\/div><\/header><div class='iconlist_content  '  itemprop=\"text\"  ><\/div><\/div><footer class=\"entry-footer\"><\/footer><\/article><div class='iconlist-timeline'><\/div><\/li>\n<li><div  style='color:#ec4c08; font-size:18px; ' class='iconlist_icon  avia-font-entypo-fontello'><span class='iconlist-char ' aria-hidden='true' data-av_icon='\ue812' data-av_iconfont='entypo-fontello'><\/span><\/div><article class=\"article-icon-entry av-iconlist-empty\"  itemscope=\"itemscope\" itemtype=\"https:\/\/schema.org\/CreativeWork\" ><div class='iconlist_content_wrap'><header class=\"entry-content-header\"><div class='av_iconlist_title iconlist_title_small   '  itemprop=\"headline\"   style='font-size:18px; '>Durchf\u00fchrung von Umweltaufgaben f\u00fcr die Inbetriebnahme und Inbetriebnahmeverfahren<\/div><\/header><div class='iconlist_content  '  itemprop=\"text\"  ><\/div><\/div><footer class=\"entry-footer\"><\/footer><\/article><div class='iconlist-timeline'><\/div><\/li>\n<li><div  style='color:#ec4c08; font-size:18px; ' class='iconlist_icon  avia-font-entypo-fontello'><span class='iconlist-char ' aria-hidden='true' data-av_icon='\ue812' data-av_iconfont='entypo-fontello'><\/span><\/div><article class=\"article-icon-entry av-iconlist-empty\"  itemscope=\"itemscope\" itemtype=\"https:\/\/schema.org\/CreativeWork\" ><div class='iconlist_content_wrap'><header class=\"entry-content-header\"><div class='av_iconlist_title iconlist_title_small   '  itemprop=\"headline\"   style='font-size:18px; '>Anforderung von K\u00dcJ und KTJ Nummern, Durchf\u00fchrung von \u00c1NTSZ Registration<\/div><\/header><div class='iconlist_content  '  itemprop=\"text\"  ><\/div><\/div><footer class=\"entry-footer\"><\/footer><\/article><div class='iconlist-timeline'><\/div><\/li>\n<li><div  style='color:#ec4c08; font-size:18px; ' class='iconlist_icon  avia-font-entypo-fontello'><span class='iconlist-char ' aria-hidden='true' data-av_icon='\ue812' data-av_iconfont='entypo-fontello'><\/span><\/div><article class=\"article-icon-entry av-iconlist-empty\"  itemscope=\"itemscope\" itemtype=\"https:\/\/schema.org\/CreativeWork\" ><div class='iconlist_content_wrap'><header class=\"entry-content-header\"><div class='av_iconlist_title iconlist_title_small   '  itemprop=\"headline\"   style='font-size:18px; '>Vorbereitung einer Umweltvertr\u00e4glichkeitspr\u00fcfung<\/div><\/header><div class='iconlist_content  '  itemprop=\"text\"  ><\/div><\/div><footer class=\"entry-footer\"><\/footer><\/article><div class='iconlist-timeline'><\/div><\/li>\n<li><div  style='color:#ec4c08; font-size:18px; ' class='iconlist_icon  avia-font-entypo-fontello'><span class='iconlist-char ' aria-hidden='true' data-av_icon='\ue812' data-av_iconfont='entypo-fontello'><\/span><\/div><article class=\"article-icon-entry av-iconlist-empty\"  itemscope=\"itemscope\" itemtype=\"https:\/\/schema.org\/CreativeWork\" ><div class='iconlist_content_wrap'><header class=\"entry-content-header\"><div class='av_iconlist_title iconlist_title_small   '  itemprop=\"headline\"   style='font-size:18px; '>Bereitstellung von Umweltdaten (HIR,LM,FAVI) nach der Regierungsverordnungen von 309\/2014. (XII.11.), 306\/2010. (XII.23.) und 219\/2004. (VII.21.)<\/div><\/header><div class='iconlist_content  '  itemprop=\"text\"  ><\/div><\/div><footer class=\"entry-footer\"><\/footer><\/article><div class='iconlist-timeline'><\/div><\/li>\n<li><div  style='color:#ec4c08; font-size:18px; ' class='iconlist_icon  avia-font-entypo-fontello'><span class='iconlist-char ' aria-hidden='true' data-av_icon='\ue812' data-av_iconfont='entypo-fontello'><\/span><\/div><article class=\"article-icon-entry av-iconlist-empty\"  itemscope=\"itemscope\" itemtype=\"https:\/\/schema.org\/CreativeWork\" ><div class='iconlist_content_wrap'><header class=\"entry-content-header\"><div class='av_iconlist_title iconlist_title_small   '  itemprop=\"headline\"   style='font-size:18px; '>Kurze und einfache Umweltschutzausbildung<\/div><\/header><div class='iconlist_content  '  itemprop=\"text\"  ><\/div><\/div><footer class=\"entry-footer\"><\/footer><\/article><div class='iconlist-timeline'><\/div><\/li>\n<li><div  style='color:#ec4c08; font-size:18px; ' class='iconlist_icon  avia-font-entypo-fontello'><span class='iconlist-char ' aria-hidden='true' data-av_icon='\ue812' data-av_iconfont='entypo-fontello'><\/span><\/div><article class=\"article-icon-entry av-iconlist-empty\"  itemscope=\"itemscope\" itemtype=\"https:\/\/schema.org\/CreativeWork\" ><div class='iconlist_content_wrap'><header class=\"entry-content-header\"><div class='av_iconlist_title iconlist_title_small   '  itemprop=\"headline\"   style='font-size:18px; '>Organisierung von Umweltschutzausbildung, Vorbereitung von Umweltschutzausbildungsplan<\/div><\/header><div class='iconlist_content  '  itemprop=\"text\"  ><\/div><\/div><footer class=\"entry-footer\"><\/footer><\/article><div class='iconlist-timeline'><\/div><\/li>\n<li><div  style='color:#ec4c08; font-size:18px; ' class='iconlist_icon  avia-font-entypo-fontello'><span class='iconlist-char ' aria-hidden='true' data-av_icon='\ue812' data-av_iconfont='entypo-fontello'><\/span><\/div><article class=\"article-icon-entry av-iconlist-empty\"  itemscope=\"itemscope\" itemtype=\"https:\/\/schema.org\/CreativeWork\" ><div class='iconlist_content_wrap'><header class=\"entry-content-header\"><div class='av_iconlist_title iconlist_title_small   '  itemprop=\"headline\"   style='font-size:18px; '>Festlegung von Anforderungen an Arbeitspl\u00e4tzen und Sammelstellen<\/div><\/header><div class='iconlist_content  '  itemprop=\"text\"  ><\/div><\/div><footer class=\"entry-footer\"><\/footer><\/article><div class='iconlist-timeline'><\/div><\/li>\n<li><div  style='color:#ec4c08; font-size:18px; ' class='iconlist_icon  avia-font-entypo-fontello'><span class='iconlist-char ' aria-hidden='true' data-av_icon='\ue812' data-av_iconfont='entypo-fontello'><\/span><\/div><article class=\"article-icon-entry av-iconlist-empty\"  itemscope=\"itemscope\" itemtype=\"https:\/\/schema.org\/CreativeWork\" ><div class='iconlist_content_wrap'><header class=\"entry-content-header\"><div class='av_iconlist_title iconlist_title_small   '  itemprop=\"headline\"   style='font-size:18px; '>Vorbereitung von den Vorschriften zur Sammlung und Entsorgung von Abf\u00e4llen nach der Regierungsverordnung von 246\/2014. (IX.29.)<\/div><\/header><div class='iconlist_content  '  itemprop=\"text\"  ><\/div><\/div><footer class=\"entry-footer\"><\/footer><\/article><div class='iconlist-timeline'><\/div><\/li>\n<li><div  style='color:#ec4c08; font-size:18px; ' class='iconlist_icon  avia-font-entypo-fontello'><span class='iconlist-char ' aria-hidden='true' data-av_icon='\ue812' data-av_iconfont='entypo-fontello'><\/span><\/div><article class=\"article-icon-entry av-iconlist-empty\"  itemscope=\"itemscope\" itemtype=\"https:\/\/schema.org\/CreativeWork\" ><div class='iconlist_content_wrap'><header class=\"entry-content-header\"><div class='av_iconlist_title iconlist_title_small   '  itemprop=\"headline\"   style='font-size:18px; '>Organisation des Abfalltransports und Verfolgung von Dokumenten und Begleittickets, Vorbereitung und Verwaltung von Abfalletiketten<\/div><\/header><div class='iconlist_content  '  itemprop=\"text\"  ><\/div><\/div><footer class=\"entry-footer\"><\/footer><\/article><div class='iconlist-timeline'><\/div><\/li>\n<li><div  style='color:#ec4c08; font-size:18px; ' class='iconlist_icon  avia-font-entypo-fontello'><span class='iconlist-char ' aria-hidden='true' data-av_icon='\ue812' data-av_iconfont='entypo-fontello'><\/span><\/div><article class=\"article-icon-entry av-iconlist-empty\"  itemscope=\"itemscope\" itemtype=\"https:\/\/schema.org\/CreativeWork\" ><div class='iconlist_content_wrap'><header class=\"entry-content-header\"><div class='av_iconlist_title iconlist_title_small   '  itemprop=\"headline\"   style='font-size:18px; '>Abfallregistrierung, Vorbereitung von Materialausgleich nach dem Gesetz von 2012. CLXXXV. und nach der Regierungsverordnung von 309\/2014. (XII.11.)<\/div><\/header><div class='iconlist_content  '  itemprop=\"text\"  ><\/div><\/div><footer class=\"entry-footer\"><\/footer><\/article><div class='iconlist-timeline'><\/div><\/li>\n<li><div  style='color:#ec4c08; font-size:18px; ' class='iconlist_icon  avia-font-entypo-fontello'><span class='iconlist-char ' aria-hidden='true' data-av_icon='\ue812' data-av_iconfont='entypo-fontello'><\/span><\/div><article class=\"article-icon-entry av-iconlist-empty\"  itemscope=\"itemscope\" itemtype=\"https:\/\/schema.org\/CreativeWork\" ><div class='iconlist_content_wrap'><header class=\"entry-content-header\"><div class='av_iconlist_title iconlist_title_small   '  itemprop=\"headline\"   style='font-size:18px; '>Einhaltung der Anforderungen an die Entsorgung gef\u00e4hrlicher Abf\u00e4lle nach der Regierungsverordnung von 225\/2015. (VIII.7.)<\/div><\/header><div class='iconlist_content  '  itemprop=\"text\"  ><\/div><\/div><footer class=\"entry-footer\"><\/footer><\/article><div class='iconlist-timeline'><\/div><\/li>\n<li><div  style='color:#ec4c08; font-size:18px; ' class='iconlist_icon  avia-font-entypo-fontello'><span class='iconlist-char ' aria-hidden='true' data-av_icon='\ue812' data-av_iconfont='entypo-fontello'><\/span><\/div><article class=\"article-icon-entry av-iconlist-empty\"  itemscope=\"itemscope\" itemtype=\"https:\/\/schema.org\/CreativeWork\" ><div class='iconlist_content_wrap'><header class=\"entry-content-header\"><div class='av_iconlist_title iconlist_title_small   '  itemprop=\"headline\"   style='font-size:18px; '>Wir stellen einen Umweltfachmann im Sinne der KTM Verordnung 11\/1996. (VII.4) zur Verf\u00fcgung<\/div><\/header><div class='iconlist_content  '  itemprop=\"text\"  ><\/div><\/div><footer class=\"entry-footer\"><\/footer><\/article><div class='iconlist-timeline'><\/div><\/li>\n<li><div  style='color:#ec4c08; font-size:18px; ' class='iconlist_icon  avia-font-entypo-fontello'><span class='iconlist-char ' aria-hidden='true' data-av_icon='\ue812' data-av_iconfont='entypo-fontello'><\/span><\/div><article class=\"article-icon-entry av-iconlist-empty\"  itemscope=\"itemscope\" itemtype=\"https:\/\/schema.org\/CreativeWork\" ><div class='iconlist_content_wrap'><header class=\"entry-content-header\"><div class='av_iconlist_title iconlist_title_small   '  itemprop=\"headline\"   style='font-size:18px; '>Messung von Emissionsgrenzwerten f\u00fcr Wasserschadstoff<\/div><\/header><div class='iconlist_content  '  itemprop=\"text\"  ><\/div><\/div><footer class=\"entry-footer\"><\/footer><\/article><div class='iconlist-timeline'><\/div><\/li>\n<li><div  style='color:#ec4c08; font-size:18px; ' class='iconlist_icon  avia-font-entypo-fontello'><span class='iconlist-char ' aria-hidden='true' data-av_icon='\ue812' data-av_iconfont='entypo-fontello'><\/span><\/div><article class=\"article-icon-entry av-iconlist-empty\"  itemscope=\"itemscope\" itemtype=\"https:\/\/schema.org\/CreativeWork\" ><div class='iconlist_content_wrap'><header class=\"entry-content-header\"><div class='av_iconlist_title iconlist_title_small   '  itemprop=\"headline\"   style='font-size:18px; '>\u00dcberwachung der Vermessung von Klimaanlagen sowie Dichtheitspr\u00fcfung und Berichterstattung in der Datenbank von \u201eKl\u00edmag\u00e1z\u201c nach der Regierungsverordnung von 14\/2015. (II.10.)<\/div><\/header><div class='iconlist_content  '  itemprop=\"text\"  ><\/div><\/div><footer class=\"entry-footer\"><\/footer><\/article><div class='iconlist-timeline'><\/div><\/li>\n<\/ul><\/div><\/p><\/div><div class='av-flex-placeholder'><\/div><div class=\"flex_column av_one_half  flex_column_table_cell av-equal-height-column av-align-middle av-zero-column-padding   avia-builder-el-12  el_after_av_one_half  avia-builder-el-last  column-top-margin\" style='border-radius:0px; '><div  class='avia-image-container  av-styling-    avia-builder-el-13  avia-builder-el-no-sibling  avia-align-center '  itemprop=\"image\" itemscope=\"itemscope\" itemtype=\"https:\/\/schema.org\/ImageObject\"  ><div class='avia-image-container-inner'><div class='avia-image-overlay-wrap'><img decoding=\"async\" class='wp-image-513 avia-img-lazy-loading-not-513 avia_image' src=\"https:\/\/solarsafety.hu\/wp-content\/uploads\/2021\/02\/kornyezetvedelem-1.jpg\" alt='solar safety' title='' height=\"805\" width=\"589\"  itemprop=\"thumbnailUrl\" srcset=\"https:\/\/solarsafety.hu\/wp-content\/uploads\/2021\/02\/kornyezetvedelem-1.jpg 589w, https:\/\/solarsafety.hu\/wp-content\/uploads\/2021\/02\/kornyezetvedelem-1-220x300.jpg 220w, https:\/\/solarsafety.hu\/wp-content\/uploads\/2021\/02\/kornyezetvedelem-1-516x705.jpg 516w\" sizes=\"(max-width: 589px) 100vw, 589px\" \/><\/div><\/div><\/div><\/div><\/div><!--close column table wrapper. Autoclose: 1 -->\n","protected":false},"excerpt":{"rendered":"","protected":false},"author":1,"featured_media":0,"parent":0,"menu_order":0,"comment_status":"closed","ping_status":"closed","template":"","meta":{"footnotes":""},"class_list":["post-598","page","type-page","status-publish","hentry"],"yoast_head":"<!-- This site is optimized with the Yoast SEO plugin v20.2.1 - https:\/\/yoast.com\/wordpress\/plugins\/seo\/ -->\n<title>Umweltschutz - Solar Safety HSE Kft.<\/title>\n<meta name=\"description\" content=\"Neben einer umfassenden Palette von Umweltschutzdiensten k\u00f6nnen wir die folgenden Umweltschutzaufgaben ausf\u00fchren\" \/>\n<meta name=\"robots\" content=\"index, follow, max-snippet:-1, max-image-preview:large, max-video-preview:-1\" \/>\n<link rel=\"canonical\" href=\"https:\/\/solarsafety.hu\/de\/umweltschutz\/\" \/>\n<meta property=\"og:locale\" content=\"de_DE\" \/>\n<meta property=\"og:type\" content=\"article\" \/>\n<meta property=\"og:title\" content=\"K\u00f6rnyezetv\u00e9delem\" \/>\n<meta property=\"og:description\" content=\"Neben einer umfassenden Palette von Umweltschutzdiensten k\u00f6nnen wir die folgenden Umweltschutzaufgaben ausf\u00fchren\" \/>\n<meta property=\"og:url\" content=\"https:\/\/solarsafety.hu\/de\/umweltschutz\/\" \/>\n<meta property=\"og:site_name\" content=\"Solar Safety HSE Kft.\" \/>\n<meta property=\"article:modified_time\" content=\"2021-03-01T07:35:36+00:00\" \/>\n<meta property=\"og:image\" content=\"https:\/\/solarsafety.hu\/wp-content\/uploads\/2021\/02\/facebook.jpg\" \/>\n\t<meta property=\"og:image:width\" content=\"1200\" \/>\n\t<meta property=\"og:image:height\" content=\"638\" \/>\n\t<meta property=\"og:image:type\" content=\"image\/jpeg\" \/>\n<meta name=\"twitter:card\" content=\"summary_large_image\" \/>\n<meta name=\"twitter:label1\" content=\"Gesch\u00e4tzte Lesezeit\" \/>\n\t<meta name=\"twitter:data1\" content=\"4\u00a0Minuten\" \/>\n<script type=\"application\/ld+json\" class=\"yoast-schema-graph\">{\"@context\":\"https:\/\/schema.org\",\"@graph\":[{\"@type\":\"WebPage\",\"@id\":\"https:\/\/solarsafety.hu\/de\/umweltschutz\/\",\"url\":\"https:\/\/solarsafety.hu\/de\/umweltschutz\/\",\"name\":\"Umweltschutz - Solar Safety HSE Kft.\",\"isPartOf\":{\"@id\":\"https:\/\/solarsafety.hu\/#website\"},\"datePublished\":\"2021-02-23T07:35:27+00:00\",\"dateModified\":\"2021-03-01T07:35:36+00:00\",\"description\":\"Neben einer umfassenden Palette von Umweltschutzdiensten k\u00f6nnen wir die folgenden Umweltschutzaufgaben ausf\u00fchren\",\"breadcrumb\":{\"@id\":\"https:\/\/solarsafety.hu\/de\/umweltschutz\/#breadcrumb\"},\"inLanguage\":\"de\",\"potentialAction\":[{\"@type\":\"ReadAction\",\"target\":[\"https:\/\/solarsafety.hu\/de\/umweltschutz\/\"]}]},{\"@type\":\"BreadcrumbList\",\"@id\":\"https:\/\/solarsafety.hu\/de\/umweltschutz\/#breadcrumb\",\"itemListElement\":[{\"@type\":\"ListItem\",\"position\":1,\"name\":\"Kezd\u0151lap\",\"item\":\"https:\/\/solarsafety.hu\/de\/\"},{\"@type\":\"ListItem\",\"position\":2,\"name\":\"Umweltschutz\"}]},{\"@type\":\"WebSite\",\"@id\":\"https:\/\/solarsafety.hu\/#website\",\"url\":\"https:\/\/solarsafety.hu\/\",\"name\":\"Solar Safety HSE Kft.\",\"description\":\"Legyen a k\u00f6z\u00f6s j\u00f6v\u0151nk a biztons\u00e1g.\",\"potentialAction\":[{\"@type\":\"SearchAction\",\"target\":{\"@type\":\"EntryPoint\",\"urlTemplate\":\"https:\/\/solarsafety.hu\/?s={search_term_string}\"},\"query-input\":\"required name=search_term_string\"}],\"inLanguage\":\"de\"}]}<\/script>\n<!-- \/ Yoast SEO plugin. -->","yoast_head_json":{"title":"Umweltschutz - Solar Safety HSE Kft.","description":"Neben einer umfassenden Palette von Umweltschutzdiensten k\u00f6nnen wir die folgenden Umweltschutzaufgaben ausf\u00fchren","robots":{"index":"index","follow":"follow","max-snippet":"max-snippet:-1","max-image-preview":"max-image-preview:large","max-video-preview":"max-video-preview:-1"},"canonical":"https:\/\/solarsafety.hu\/de\/umweltschutz\/","og_locale":"de_DE","og_type":"article","og_title":"K\u00f6rnyezetv\u00e9delem","og_description":"Neben einer umfassenden Palette von Umweltschutzdiensten k\u00f6nnen wir die folgenden Umweltschutzaufgaben ausf\u00fchren","og_url":"https:\/\/solarsafety.hu\/de\/umweltschutz\/","og_site_name":"Solar Safety HSE Kft.","article_modified_time":"2021-03-01T07:35:36+00:00","og_image":[{"width":1200,"height":638,"url":"https:\/\/solarsafety.hu\/wp-content\/uploads\/2021\/02\/facebook.jpg","type":"image\/jpeg"}],"twitter_card":"summary_large_image","twitter_misc":{"Gesch\u00e4tzte Lesezeit":"4\u00a0Minuten"},"schema":{"@context":"https:\/\/schema.org","@graph":[{"@type":"WebPage","@id":"https:\/\/solarsafety.hu\/de\/umweltschutz\/","url":"https:\/\/solarsafety.hu\/de\/umweltschutz\/","name":"Umweltschutz - Solar Safety HSE Kft.","isPartOf":{"@id":"https:\/\/solarsafety.hu\/#website"},"datePublished":"2021-02-23T07:35:27+00:00","dateModified":"2021-03-01T07:35:36+00:00","description":"Neben einer umfassenden Palette von Umweltschutzdiensten k\u00f6nnen wir die folgenden Umweltschutzaufgaben ausf\u00fchren","breadcrumb":{"@id":"https:\/\/solarsafety.hu\/de\/umweltschutz\/#breadcrumb"},"inLanguage":"de","potentialAction":[{"@type":"ReadAction","target":["https:\/\/solarsafety.hu\/de\/umweltschutz\/"]}]},{"@type":"BreadcrumbList","@id":"https:\/\/solarsafety.hu\/de\/umweltschutz\/#breadcrumb","itemListElement":[{"@type":"ListItem","position":1,"name":"Kezd\u0151lap","item":"https:\/\/solarsafety.hu\/de\/"},{"@type":"ListItem","position":2,"name":"Umweltschutz"}]},{"@type":"WebSite","@id":"https:\/\/solarsafety.hu\/#website","url":"https:\/\/solarsafety.hu\/","name":"Solar Safety HSE Kft.","description":"Legyen a k\u00f6z\u00f6s j\u00f6v\u0151nk a biztons\u00e1g.","potentialAction":[{"@type":"SearchAction","target":{"@type":"EntryPoint","urlTemplate":"https:\/\/solarsafety.hu\/?s={search_term_string}"},"query-input":"required name=search_term_string"}],"inLanguage":"de"}]}},"_links":{"self":[{"href":"https:\/\/solarsafety.hu\/de\/wp-json\/wp\/v2\/pages\/598","targetHints":{"allow":["GET"]}}],"collection":[{"href":"https:\/\/solarsafety.hu\/de\/wp-json\/wp\/v2\/pages"}],"about":[{"href":"https:\/\/solarsafety.hu\/de\/wp-json\/wp\/v2\/types\/page"}],"author":[{"embeddable":true,"href":"https:\/\/solarsafety.hu\/de\/wp-json\/wp\/v2\/users\/1"}],"replies":[{"embeddable":true,"href":"https:\/\/solarsafety.hu\/de\/wp-json\/wp\/v2\/comments?post=598"}],"version-history":[{"count":4,"href":"https:\/\/solarsafety.hu\/de\/wp-json\/wp\/v2\/pages\/598\/revisions"}],"predecessor-version":[{"id":622,"href":"https:\/\/solarsafety.hu\/de\/wp-json\/wp\/v2\/pages\/598\/revisions\/622"}],"wp:attachment":[{"href":"https:\/\/solarsafety.hu\/de\/wp-json\/wp\/v2\/media?parent=598"}],"curies":[{"name":"wp","href":"https:\/\/api.w.org\/{rel}","templated":true}]}}