{"id":469,"date":"2021-02-26T11:38:45","date_gmt":"2021-02-26T11:38:45","guid":{"rendered":"http:\/\/solarsafety.hu\/?page_id=469"},"modified":"2021-03-03T09:45:26","modified_gmt":"2021-03-03T09:45:26","slug":"contact","status":"publish","type":"page","link":"https:\/\/solarsafety.hu\/en\/contact\/","title":{"rendered":"Contact"},"content":{"rendered":"<div id='av_section_1'  class='avia-section main_color avia-section-default avia-no-border-styling  avia-bg-style-scroll  avia-builder-el-0  el_before_av_section  avia-builder-el-first   av-small-hide av-mini-hide av-minimum-height av-minimum-height-custom  container_wrap fullsize' style='background-color: #000000;background-image: linear-gradient(to right,#000000,#e44a08); '  ><div class='container' style='height:320px'><main  role=\"main\" itemprop=\"mainContentOfPage\"  class='template-page content  av-content-full alpha units'><div class='post-entry post-entry-type-page post-entry-469'><div class='entry-content-wrapper clearfix'>\n<div class=\"flex_column av_one_full  flex_column_div av-zero-column-padding first  avia-builder-el-1  avia-builder-el-no-sibling  \" style='border-radius:0px; '><div  style='padding-bottom:10px; color:#ffffff;font-size:45px;' class='av-special-heading av-special-heading-h1 custom-color-heading blockquote modern-quote  avia-builder-el-2  avia-builder-el-no-sibling  av-thin-font av-inherit-size '><h1 class='av-special-heading-tag  av-small-font-size-overwrite av-small-font-size-30 av-mini-font-size-overwrite av-mini-font-size-30'  itemprop=\"headline\"  ><strong>Contact<\/strong><\/h1><div class='special-heading-border'><div class='special-heading-inner-border' style='border-color:#ffffff'><\/div><\/div><\/div><\/div>\n\n<\/div><\/div><\/main><!-- close content main element --><\/div><\/div><div id='av_section_2'  class='avia-section main_color avia-section-default avia-no-border-styling  avia-bg-style-scroll  avia-builder-el-3  el_after_av_section  el_before_av_section   av-desktop-hide av-medium-hide av-minimum-height av-minimum-height-custom  container_wrap fullsize' style='background-color: #000000;background-image: linear-gradient(to right,#000000,#e44a08); '  ><div class='container' style='height:200px'><div class='template-page content  av-content-full alpha units'><div class='post-entry post-entry-type-page post-entry-469'><div class='entry-content-wrapper clearfix'>\n<div class=\"flex_column av_one_full  flex_column_div av-zero-column-padding first  avia-builder-el-4  avia-builder-el-no-sibling  \" style='border-radius:0px; '><div  style='padding-bottom:10px; color:#ffffff;font-size:45px;' class='av-special-heading av-special-heading-h1 custom-color-heading blockquote modern-quote  avia-builder-el-5  avia-builder-el-no-sibling  av-thin-font av-inherit-size '><h1 class='av-special-heading-tag  av-small-font-size-overwrite av-small-font-size-30 av-mini-font-size-overwrite av-mini-font-size-30'  itemprop=\"headline\"  ><strong>Contact<\/strong><\/h1><div class='special-heading-border'><div class='special-heading-inner-border' style='border-color:#ffffff'><\/div><\/div><\/div><\/div>\n\n<\/div><\/div><\/div><!-- close content main div --><\/div><\/div><div id='av_section_3'  class='avia-section main_color avia-section-default avia-no-border-styling  avia-bg-style-scroll  avia-builder-el-6  el_after_av_section  avia-builder-el-last   container_wrap fullsize' style=' '  ><div class='container' ><div class='template-page content  av-content-full alpha units'><div class='post-entry post-entry-type-page post-entry-469'><div class='entry-content-wrapper clearfix'>\n<div class=\"flex_column av_one_full  flex_column_div av-zero-column-padding first  avia-builder-el-7  el_before_av_one_fourth  avia-builder-el-first  \" style='border-radius:0px; '><div  style='padding-bottom:10px; ' class='av-special-heading av-special-heading-h2  blockquote modern-quote modern-centered  avia-builder-el-8  avia-builder-el-no-sibling  '><h2 class='av-special-heading-tag  av-small-font-size-overwrite av-small-font-size-28 av-mini-font-size-overwrite av-mini-font-size-28'  itemprop=\"headline\"  >Leaders<\/h2><div class='special-heading-border'><div class='special-heading-inner-border' ><\/div><\/div><\/div><\/div><div class=\"flex_column av_one_fourth  flex_column_div av-zero-column-padding first  avia-builder-el-9  el_after_av_one_full  el_before_av_one_fourth  column-top-margin\" style='border-radius:0px; '><\/div><div class=\"flex_column av_one_fourth  flex_column_div av-zero-column-padding   avia-builder-el-10  el_after_av_one_fourth  el_before_av_one_fourth  column-top-margin\" style='border-radius:0px; '><p><div  class='avia-image-container  av-styling- av-hover-grow av-hide-overflow   avia-builder-el-11  el_before_av_heading  avia-builder-el-first  avia-align-center '  itemprop=\"image\" itemscope=\"itemscope\" itemtype=\"https:\/\/schema.org\/ImageObject\"  ><div class='avia-image-container-inner'><div class='avia-image-overlay-wrap'><img decoding=\"async\" class='wp-image-471 avia-img-lazy-loading-not-471 avia_image' src=\"https:\/\/solarsafety.hu\/wp-content\/uploads\/2021\/02\/zoltan.png\" alt='Liz\u00e1k Zolt\u00e1n' title='' height=\"470\" width=\"470\"  itemprop=\"thumbnailUrl\" srcset=\"https:\/\/solarsafety.hu\/wp-content\/uploads\/2021\/02\/zoltan.png 470w, https:\/\/solarsafety.hu\/wp-content\/uploads\/2021\/02\/zoltan-300x300.png 300w, https:\/\/solarsafety.hu\/wp-content\/uploads\/2021\/02\/zoltan-80x80.png 80w, https:\/\/solarsafety.hu\/wp-content\/uploads\/2021\/02\/zoltan-36x36.png 36w, https:\/\/solarsafety.hu\/wp-content\/uploads\/2021\/02\/zoltan-180x180.png 180w\" sizes=\"(max-width: 470px) 100vw, 470px\" \/><\/div><\/div><\/div><br \/>\n<div  style='padding-bottom:10px; ' class='av-special-heading av-special-heading-h3  blockquote modern-quote modern-centered  avia-builder-el-12  el_after_av_image  avia-builder-el-last  '><h3 class='av-special-heading-tag  av-small-font-size-overwrite av-small-font-size-24 av-mini-font-size-overwrite av-mini-font-size-24'  itemprop=\"headline\"  >Zolt\u00e1n Liz\u00e1k <\/h3><div class ='av-subheading av-subheading_below  ' style='font-size:15px;'><p>HSE expert, Lifting machine expert<\/p>\n<\/div><div class='special-heading-border'><div class='special-heading-inner-border' ><\/div><\/div><\/div><\/p><\/div><div class=\"flex_column av_one_fourth  flex_column_div av-zero-column-padding   avia-builder-el-13  el_after_av_one_fourth  el_before_av_one_fourth  column-top-margin\" style='border-radius:0px; '><p><div  class='avia-image-container  av-styling- av-hover-grow av-hide-overflow   avia-builder-el-14  el_before_av_heading  avia-builder-el-first  avia-align-center '  itemprop=\"image\" itemscope=\"itemscope\" itemtype=\"https:\/\/schema.org\/ImageObject\"  ><div class='avia-image-container-inner'><div class='avia-image-overlay-wrap'><img decoding=\"async\" class='wp-image-472 avia-img-lazy-loading-not-472 avia_image' src=\"https:\/\/solarsafety.hu\/wp-content\/uploads\/2021\/02\/nora.png\" alt='Liz\u00e1kn\u00e9 Kov\u00e1cs N\u00f3ra' title='' height=\"470\" width=\"470\"  itemprop=\"thumbnailUrl\" srcset=\"https:\/\/solarsafety.hu\/wp-content\/uploads\/2021\/02\/nora.png 470w, https:\/\/solarsafety.hu\/wp-content\/uploads\/2021\/02\/nora-300x300.png 300w, https:\/\/solarsafety.hu\/wp-content\/uploads\/2021\/02\/nora-80x80.png 80w, https:\/\/solarsafety.hu\/wp-content\/uploads\/2021\/02\/nora-36x36.png 36w, https:\/\/solarsafety.hu\/wp-content\/uploads\/2021\/02\/nora-180x180.png 180w\" sizes=\"(max-width: 470px) 100vw, 470px\" \/><\/div><\/div><\/div><br \/>\n<div  style='padding-bottom:10px; ' class='av-special-heading av-special-heading-h3  blockquote modern-quote modern-centered  avia-builder-el-15  el_after_av_image  avia-builder-el-last  '><h3 class='av-special-heading-tag '  itemprop=\"headline\"  >N\u00f3ra Liz\u00e1kn\u00e9 Kov\u00e1cs <\/h3><div class ='av-subheading av-subheading_below  ' style='font-size:15px;'><p>Occupational safety expert<\/p>\n<\/div><div class='special-heading-border'><div class='special-heading-inner-border' ><\/div><\/div><\/div><\/p><\/div><div class=\"flex_column av_one_fourth  flex_column_div av-zero-column-padding   avia-builder-el-16  el_after_av_one_fourth  el_before_av_one_full  column-top-margin\" style='border-radius:0px; '><\/div><div class=\"flex_column av_one_full  flex_column_div av-zero-column-padding first  avia-builder-el-17  el_after_av_one_fourth  el_before_av_one_half  column-top-margin\" style='border-radius:0px; '><div  style=' margin-top:30px; margin-bottom:30px;'  class='hr hr-custom hr-center hr-icon-no   avia-builder-el-18  avia-builder-el-no-sibling '><span class='hr-inner  inner-border-av-border-thin' style=' width:full; border-color:#000000;' ><span class='hr-inner-style'><\/span><\/span><\/div><\/div><div class='flex_column_table av-equal-height-column-flextable -flextable' ><div class=\"flex_column av_one_half  flex_column_table_cell av-equal-height-column av-align-top av-zero-column-padding first  avia-builder-el-19  el_after_av_one_full  el_before_av_one_half  column-top-margin\" style='border-radius:0px; '><p><div  style='padding-bottom:10px; ' class='av-special-heading av-special-heading-h2  blockquote modern-quote  avia-builder-el-20  el_before_av_textblock  avia-builder-el-first  '><h2 class='av-special-heading-tag  av-small-font-size-overwrite av-small-font-size-28 av-mini-font-size-overwrite av-mini-font-size-28'  itemprop=\"headline\"  >Contact<\/h2><div class='special-heading-border'><div class='special-heading-inner-border' ><\/div><\/div><\/div><br \/>\n<section class=\"av_textblock_section \"  itemscope=\"itemscope\" itemtype=\"https:\/\/schema.org\/CreativeWork\" ><div class='avia_textblock  '   itemprop=\"text\" ><p><strong>Address<\/strong><br \/>\nSzeksz\u00e1rd, L\u00e9tay M. utca 9\/B<\/p>\n<\/div><\/section><br \/>\n<section class=\"av_textblock_section \"  itemscope=\"itemscope\" itemtype=\"https:\/\/schema.org\/CreativeWork\" ><div class='avia_textblock  '   itemprop=\"text\" ><p><strong>Phone numbers<\/strong><br \/>\n<a style=\"color: #000;\" href=\"callto:+36205391769\">+36 20 539 17 69<\/a><br \/>\n<a style=\"color: #000;\" href=\"callto:+36203982055\">+36 20 398 20 55<\/a><\/p>\n<\/div><\/section><br \/>\n<section class=\"av_textblock_section \"  itemscope=\"itemscope\" itemtype=\"https:\/\/schema.org\/CreativeWork\" ><div class='avia_textblock  '   itemprop=\"text\" ><p><strong>E-mail address<br \/>\n<\/strong><a style=\"color: #000;\" href=\"mailto:hse@solarsafety.hu\">hse@solarsafety.hu<\/a><\/p>\n<\/div><\/section><br \/>\n<div  class='avia-icon-list-container   avia-builder-el-24  el_after_av_textblock  el_before_av_codeblock '><ul class='avia-icon-list avia-icon-list-left av-iconlist-small avia_animate_when_almost_visible avia-iconlist-animate'>\n<li><div  style='background-color:#0073b1; color:#ffffff; ' class='iconlist_icon  avia-font-entypo-fontello'><span class='iconlist-char ' aria-hidden='true' data-av_icon='\ue8fc' data-av_iconfont='entypo-fontello'><\/span><\/div><article class=\"article-icon-entry av-iconlist-empty\"  itemscope=\"itemscope\" itemtype=\"https:\/\/schema.org\/CreativeWork\" ><div class='iconlist_content_wrap'><header class=\"entry-content-header\"><div class='av_iconlist_title iconlist_title_small   '  itemprop=\"headline\"  ><a href='https:\/\/www.linkedin.com\/company\/72021383\/admin\/' title='Solar Safety'>Solar Safety<\/a><\/div><\/header><div class='iconlist_content  '  itemprop=\"text\"  ><\/div><\/div><footer class=\"entry-footer\"><\/footer><\/article><div class='iconlist-timeline'><\/div><\/li>\n<li><div  style='background-color:#0073b1; color:#ffffff; ' class='iconlist_icon  avia-font-entypo-fontello'><span class='iconlist-char ' aria-hidden='true' data-av_icon='\ue8fc' data-av_iconfont='entypo-fontello'><\/span><\/div><article class=\"article-icon-entry av-iconlist-empty\"  itemscope=\"itemscope\" itemtype=\"https:\/\/schema.org\/CreativeWork\" ><div class='iconlist_content_wrap'><header class=\"entry-content-header\"><div class='av_iconlist_title iconlist_title_small   '  itemprop=\"headline\"  ><a href='https:\/\/www.linkedin.com\/in\/liz%C3%A1k-zolt%C3%A1n-liz%C3%A1kn%C3%A9-kov%C3%A1cs-n%C3%B3ra-4020b9205\/' title='Zolt\u00e1n Liz\u00e1k and N\u00f3ra Liz\u00e1kn\u00e9 Kov\u00e1cs '>Zolt\u00e1n Liz\u00e1k and N\u00f3ra Liz\u00e1kn\u00e9 Kov\u00e1cs <\/a><\/div><\/header><div class='iconlist_content  '  itemprop=\"text\"  ><\/div><\/div><footer class=\"entry-footer\"><\/footer><\/article><div class='iconlist-timeline'><\/div><\/li>\n<\/ul><\/div><br \/>\n<\/p><\/div><div class='av-flex-placeholder'><\/div><div class=\"flex_column av_one_half  flex_column_table_cell av-equal-height-column av-align-top   avia-builder-el-26  el_after_av_one_half  avia-builder-el-last  kapcsolat column-top-margin\" style='background: #ec4c08; padding:30px; background-color:#ec4c08; border-radius:0px; '><p><div  style='padding-bottom:10px; color:#ffffff;' class='av-special-heading av-special-heading-h3 custom-color-heading blockquote modern-quote  avia-builder-el-27  el_before_av_codeblock  avia-builder-el-first  '><h3 class='av-special-heading-tag  av-small-font-size-overwrite av-small-font-size-24 av-mini-font-size-overwrite av-mini-font-size-24'  itemprop=\"headline\"  >Do you have a question? Contact us! <\/h3><div class='special-heading-border'><div class='special-heading-inner-border' style='border-color:#ffffff'><\/div><\/div><\/div><br \/>\n<\/p><\/div><\/div><!--close column table wrapper. Autoclose: 1 -->\n","protected":false},"excerpt":{"rendered":"","protected":false},"author":1,"featured_media":0,"parent":0,"menu_order":0,"comment_status":"closed","ping_status":"closed","template":"","meta":{"footnotes":""},"class_list":["post-469","page","type-page","status-publish","hentry"],"yoast_head":"<!-- This site is optimized with the Yoast SEO plugin v20.2.1 - https:\/\/yoast.com\/wordpress\/plugins\/seo\/ -->\n<title>Contact - Solar Safety HSE Kft.<\/title>\n<meta name=\"description\" content=\"Do you have a question? Contact us! We can help you!\" \/>\n<meta name=\"robots\" content=\"index, follow, max-snippet:-1, max-image-preview:large, max-video-preview:-1\" \/>\n<link rel=\"canonical\" href=\"https:\/\/solarsafety.hu\/en\/contact\/\" \/>\n<meta property=\"og:locale\" content=\"en_US\" \/>\n<meta property=\"og:type\" content=\"article\" \/>\n<meta property=\"og:title\" content=\"Contact\" \/>\n<meta property=\"og:description\" content=\"Do you have a question? Contact us! We can help you!\" \/>\n<meta property=\"og:url\" content=\"https:\/\/solarsafety.hu\/en\/contact\/\" \/>\n<meta property=\"og:site_name\" content=\"Solar Safety HSE Kft.\" \/>\n<meta property=\"article:modified_time\" content=\"2021-03-03T09:45:26+00:00\" \/>\n<meta property=\"og:image\" content=\"https:\/\/solarsafety.hu\/wp-content\/uploads\/2021\/02\/facebook.jpg\" \/>\n\t<meta property=\"og:image:width\" content=\"1200\" \/>\n\t<meta property=\"og:image:height\" content=\"638\" \/>\n\t<meta property=\"og:image:type\" content=\"image\/jpeg\" \/>\n<meta name=\"twitter:card\" content=\"summary_large_image\" \/>\n<meta name=\"twitter:label1\" content=\"Est. reading time\" \/>\n\t<meta name=\"twitter:data1\" content=\"5 minutes\" \/>\n<script type=\"application\/ld+json\" class=\"yoast-schema-graph\">{\"@context\":\"https:\/\/schema.org\",\"@graph\":[{\"@type\":\"WebPage\",\"@id\":\"https:\/\/solarsafety.hu\/en\/contact\/\",\"url\":\"https:\/\/solarsafety.hu\/en\/contact\/\",\"name\":\"Contact - Solar Safety HSE Kft.\",\"isPartOf\":{\"@id\":\"https:\/\/solarsafety.hu\/#website\"},\"datePublished\":\"2021-02-26T11:38:45+00:00\",\"dateModified\":\"2021-03-03T09:45:26+00:00\",\"description\":\"Do you have a question? Contact us! We can help you!\",\"breadcrumb\":{\"@id\":\"https:\/\/solarsafety.hu\/en\/contact\/#breadcrumb\"},\"inLanguage\":\"en-US\",\"potentialAction\":[{\"@type\":\"ReadAction\",\"target\":[\"https:\/\/solarsafety.hu\/en\/contact\/\"]}]},{\"@type\":\"BreadcrumbList\",\"@id\":\"https:\/\/solarsafety.hu\/en\/contact\/#breadcrumb\",\"itemListElement\":[{\"@type\":\"ListItem\",\"position\":1,\"name\":\"Kezd\u0151lap\",\"item\":\"https:\/\/solarsafety.hu\/en\/\"},{\"@type\":\"ListItem\",\"position\":2,\"name\":\"Contact\"}]},{\"@type\":\"WebSite\",\"@id\":\"https:\/\/solarsafety.hu\/#website\",\"url\":\"https:\/\/solarsafety.hu\/\",\"name\":\"Solar Safety HSE Kft.\",\"description\":\"Legyen a k\u00f6z\u00f6s j\u00f6v\u0151nk a biztons\u00e1g.\",\"potentialAction\":[{\"@type\":\"SearchAction\",\"target\":{\"@type\":\"EntryPoint\",\"urlTemplate\":\"https:\/\/solarsafety.hu\/?s={search_term_string}\"},\"query-input\":\"required name=search_term_string\"}],\"inLanguage\":\"en-US\"}]}<\/script>\n<!-- \/ Yoast SEO plugin. -->","yoast_head_json":{"title":"Contact - Solar Safety HSE Kft.","description":"Do you have a question? Contact us! We can help you!","robots":{"index":"index","follow":"follow","max-snippet":"max-snippet:-1","max-image-preview":"max-image-preview:large","max-video-preview":"max-video-preview:-1"},"canonical":"https:\/\/solarsafety.hu\/en\/contact\/","og_locale":"en_US","og_type":"article","og_title":"Contact","og_description":"Do you have a question? Contact us! We can help you!","og_url":"https:\/\/solarsafety.hu\/en\/contact\/","og_site_name":"Solar Safety HSE Kft.","article_modified_time":"2021-03-03T09:45:26+00:00","og_image":[{"width":1200,"height":638,"url":"https:\/\/solarsafety.hu\/wp-content\/uploads\/2021\/02\/facebook.jpg","type":"image\/jpeg"}],"twitter_card":"summary_large_image","twitter_misc":{"Est. reading time":"5 minutes"},"schema":{"@context":"https:\/\/schema.org","@graph":[{"@type":"WebPage","@id":"https:\/\/solarsafety.hu\/en\/contact\/","url":"https:\/\/solarsafety.hu\/en\/contact\/","name":"Contact - Solar Safety HSE Kft.","isPartOf":{"@id":"https:\/\/solarsafety.hu\/#website"},"datePublished":"2021-02-26T11:38:45+00:00","dateModified":"2021-03-03T09:45:26+00:00","description":"Do you have a question? Contact us! We can help you!","breadcrumb":{"@id":"https:\/\/solarsafety.hu\/en\/contact\/#breadcrumb"},"inLanguage":"en-US","potentialAction":[{"@type":"ReadAction","target":["https:\/\/solarsafety.hu\/en\/contact\/"]}]},{"@type":"BreadcrumbList","@id":"https:\/\/solarsafety.hu\/en\/contact\/#breadcrumb","itemListElement":[{"@type":"ListItem","position":1,"name":"Kezd\u0151lap","item":"https:\/\/solarsafety.hu\/en\/"},{"@type":"ListItem","position":2,"name":"Contact"}]},{"@type":"WebSite","@id":"https:\/\/solarsafety.hu\/#website","url":"https:\/\/solarsafety.hu\/","name":"Solar Safety HSE Kft.","description":"Legyen a k\u00f6z\u00f6s j\u00f6v\u0151nk a biztons\u00e1g.","potentialAction":[{"@type":"SearchAction","target":{"@type":"EntryPoint","urlTemplate":"https:\/\/solarsafety.hu\/?s={search_term_string}"},"query-input":"required name=search_term_string"}],"inLanguage":"en-US"}]}},"_links":{"self":[{"href":"https:\/\/solarsafety.hu\/en\/wp-json\/wp\/v2\/pages\/469","targetHints":{"allow":["GET"]}}],"collection":[{"href":"https:\/\/solarsafety.hu\/en\/wp-json\/wp\/v2\/pages"}],"about":[{"href":"https:\/\/solarsafety.hu\/en\/wp-json\/wp\/v2\/types\/page"}],"author":[{"embeddable":true,"href":"https:\/\/solarsafety.hu\/en\/wp-json\/wp\/v2\/users\/1"}],"replies":[{"embeddable":true,"href":"https:\/\/solarsafety.hu\/en\/wp-json\/wp\/v2\/comments?post=469"}],"version-history":[{"count":9,"href":"https:\/\/solarsafety.hu\/en\/wp-json\/wp\/v2\/pages\/469\/revisions"}],"predecessor-version":[{"id":683,"href":"https:\/\/solarsafety.hu\/en\/wp-json\/wp\/v2\/pages\/469\/revisions\/683"}],"wp:attachment":[{"href":"https:\/\/solarsafety.hu\/en\/wp-json\/wp\/v2\/media?parent=469"}],"curies":[{"name":"wp","href":"https:\/\/api.w.org\/{rel}","templated":true}]}}